{"id":117,"date":"2025-01-19T22:31:43","date_gmt":"2025-01-19T21:31:43","guid":{"rendered":"https:\/\/www.spv.ovh\/?page_id=117"},"modified":"2025-10-26T11:42:56","modified_gmt":"2025-10-26T10:42:56","slug":"le-calendrier-des-reunions","status":"publish","type":"page","link":"https:\/\/www.spv.ovh\/index.php\/le-calendrier-des-reunions\/","title":{"rendered":"Le Calendrier des R\u00e9unions 2025"},"content":{"rendered":"\t\t<div data-elementor-type=\"wp-page\" data-elementor-id=\"117\" class=\"elementor elementor-117\">\n\t\t\t\t<div class=\"elementor-element elementor-element-aac93b1 e-flex e-con-boxed e-con e-parent\" data-id=\"aac93b1\" data-element_type=\"container\">\n\t\t\t\t\t<div class=\"e-con-inner\">\n\t\t\t\t<div class=\"elementor-element elementor-element-48f298b elementor-widget elementor-widget-heading\" data-id=\"48f298b\" data-element_type=\"widget\" data-widget_type=\"heading.default\">\n\t\t\t\t<div class=\"elementor-widget-container\">\n\t\t\t\t\t<h2 class=\"elementor-heading-title elementor-size-default\"><p align=\"center\" style=\"font-family: Arial;font-size: 13.3333px;font-style: normal;font-weight: 400\"><a><font color=\"#000000\">&nbsp;<font size=\"3\"><strong><u>LES&nbsp;<span style=\"font-size: 14pt\">R\u00c9UNIONS BIMENSUELLES&nbsp;<span style=\"font-size: 14pt\">PR\u00c9VUES POUR L\u2019ANN\u00c9E 2025<\/span><\/span><\/u><\/strong><\/font><\/font><\/a><\/p><a style=\"font-family: Arial;font-size: 13.3333px;font-style: normal;font-weight: 400\"><p align=\"center\" class=\"MsoNormal\" style=\"margin: 0cm 0cm 0pt\"><b><span style=\"font-size: 14pt\"><font color=\"#000000\"><font face=\"Times New Roman\">P\u00f4le Associatif Jules Ferry \u2013 7, av, Georges Clemenceau&nbsp;&nbsp;41100 VEND\u00d4ME<\/font><\/font><\/span><\/b><\/p><p align=\"center\" class=\"MsoNormal\" style=\"margin: 0cm 0cm 0pt\"><b><span style=\"font-size: 14pt\"><font color=\"#000000\"><font face=\"Times New Roman\"><span style=\"font-size: 14pt\">2<sup>\u00e8me<\/sup>&nbsp;et 4<sup>\u00e8me<\/sup>&nbsp;dimanche du mois,&nbsp;<span style=\"font-size: 14pt\">de 10 h \u00e0 11 h 45<\/span><\/span><\/font><\/font><\/span><\/b><\/p><\/a><a style=\"font-style: normal;font-family: Arial;font-size: 13.3333px;font-weight: 400\"><p align=\"center\" class=\"MsoNormal\" style=\"margin: 0cm 0cm 0pt\"><b><span style=\"font-size: 14pt\"><font color=\"#000000\"><font face=\"Times New Roman\"><span style=\"font-size: 14pt\"><span style=\"font-size: 14pt\">Les commandes\/distribution des Fournitures date&nbsp;<u>XX.<\/u><\/span><\/span><\/font><\/font><\/span><\/b><\/p><\/a><\/h2>\t\t\t\t<\/div>\n\t\t\t\t<\/div>\n\t\t\t\t\t<\/div>\n\t\t\t\t<\/div>\n\t\t<div class=\"elementor-element elementor-element-b582cc2 e-grid e-con-boxed e-con e-parent\" data-id=\"b582cc2\" data-element_type=\"container\">\n\t\t\t\t\t<div class=\"e-con-inner\">\n\t\t\t\t<div class=\"elementor-element elementor-element-58e0c6c elementor-widget elementor-widget-text-editor\" data-id=\"58e0c6c\" data-element_type=\"widget\" data-widget_type=\"text-editor.default\">\n\t\t\t\t<div class=\"elementor-widget-container\">\n\t\t\t\t\t\t\t\t\t<p align=\"center\"><span style=\"font-family: Arial;\"><span style=\"color: black; font-size: 9pt;\"><span style=\"font-size: medium;\"><span style=\"color: black;\"><u>\u00a012*<\/u>\u00a0JANVIER+AG<\/span><span style=\"color: black; font-size: 9pt;\">\u00a0<span style=\"font-size: medium;\">le\u00a0<u>26<\/u><\/span><\/span><\/span><\/span><\/span><\/p><p align=\"center\"><span style=\"font-family: Arial;\"><span style=\"color: black; font-size: 9pt;\"><span style=\"font-size: medium;\"><span style=\"color: black; font-size: 9pt;\"><span style=\"font-size: medium;\"><span style=\"color: black; font-family: Arial;\"><span style=\"font-family: Times New Roman;\"><span style=\"color: black; font-family: Arial;\"><u>9<\/u>\u00a0ET 23 FEVRIER<\/span><\/span><\/span><\/span><\/span><\/span><\/span><\/span><\/p><p align=\"center\"><span style=\"font-family: Times New Roman;\"><span style=\"color: black; font-family: Arial;\"><span style=\"font-family: Times New Roman;\"><span style=\"color: black; font-family: Arial;\"><span style=\"text-decoration: underline;\">16<\/span> et 30*\u00a0MARS<\/span><\/span><\/span><\/span><\/p><p align=\"center\"><span style=\"font-family: Arial;\"><span style=\"color: black;\"><span style=\"color: black;\"><span style=\"color: black;\"><span style=\"color: black;\">13 ET <span style=\"text-decoration: underline;\">27<\/span> AVRIL<\/span><\/span><\/span><\/span><br \/><\/span><\/p><p style=\"margin: 0cm 0cm 0pt;\" align=\"center\"><span style=\"color: black; font-size: 9pt;\"><span style=\"font-family: Arial;\"><span style=\"font-size: medium;\"><u>18<\/u>\u00a0MAI<\/span><\/span><\/span><\/p><p style=\"margin: 0cm 0cm 0pt;\" align=\"center\"><span style=\"color: black; font-size: 9pt;\"><span style=\"text-decoration: line-through;\">\u00a0<\/span><\/span><\/p><p style=\"margin: 0cm 0cm 0pt;\" align=\"center\"><span style=\"font-family: Times New Roman; font-size: medium;\"><span style=\"font-family: Arial;\"><u>1ER*<\/u> ET 15* JUIN<\/span><\/span><\/p><p style=\"margin: 0cm 0cm 0pt;\" align=\"center\"><span style=\"font-family: Times New Roman;\"><span style=\"font-size: medium;\"><span style=\"font-family: Times New Roman;\"><span style=\"color: black; font-size: 9pt;\"><span style=\"color: black; font-size: 9pt;\"><span style=\"font-family: Times New Roman; font-size: medium;\"><span style=\"font-family: Arial;\"><u>6<\/u>\u00a0JUILLET<\/span><\/span><\/span><\/span><\/span><\/span><\/span><\/p><p align=\"center\"><span style=\"font-size: medium;\"><span style=\"font-size: medium;\"><span style=\"color: black; font-size: 9pt;\">ooooo<\/span><\/span><\/span><\/p><p align=\"center\"><span style=\"font-size: medium;\"><span style=\"font-size: medium;\"><span style=\"color: #000000;\"><span style=\"font-size: medium;\"><span style=\"font-family: Arial;\"><u>7*<\/u> et 21* SEPTEMBRE<br \/><u>12<\/u> ET 26 OCTOBRE<br \/><u>9<\/u> et 23 NOVEMBRE<br \/><u>14<\/u>\u00a0D\u00c9CEMBRE<br \/><\/span><\/span><\/span><\/span><\/span><\/p><p class=\"MsoNormal\" style=\"margin: 0cm 0cm 0pt 212.4pt; text-align: center; text-indent: 35.4pt;\" align=\"center\"><span style=\"font-size: 14pt;\"><span style=\"font-family: Times New Roman;\">\u00a0 \u00a0 \u00a0 \u00a0 \u00a0 \u00a0 \u00a0 \u00a0 \u00a0 \u00a0 \u00a0 \u00a0 \u00a0 \u00a0 \u00a0 \u00a0<u><strong>\u00a0*Attention aux r\u00e9unions d\u00e9cal\u00e9es<\/strong><\/u><\/span><\/span><\/p>\t\t\t\t\t\t\t\t<\/div>\n\t\t\t\t<\/div>\n\t\t\t\t\t<\/div>\n\t\t\t\t<\/div>\n\t\t\t\t<\/div>\n\t\t","protected":false},"excerpt":{"rendered":"<p>&nbsp;LES&nbsp;R\u00c9UNIONS BIMENSUELLES&nbsp;PR\u00c9VUES POUR L\u2019ANN\u00c9E 2025 P\u00f4le Associatif Jules Ferry \u2013 7, av, Georges Clemenceau&nbsp;&nbsp;41100 VEND\u00d4ME 2\u00e8me&nbsp;et 4\u00e8me&nbsp;dimanche du mois,&nbsp;de 10 h \u00e0 11 h 45 Les commandes\/distribution des Fournitures date&nbsp;XX. \u00a012*\u00a0JANVIER+AG\u00a0le\u00a026 9\u00a0ET 23 FEVRIER 16 et 30*\u00a0MARS 13 ET 27 AVRIL 18\u00a0MAI \u00a0 1ER* ET 15* JUIN 6\u00a0JUILLET ooooo 7* et 21* SEPTEMBRE12 ET 26 [&hellip;]<\/p>\n","protected":false},"author":1,"featured_media":0,"parent":0,"menu_order":0,"comment_status":"closed","ping_status":"closed","template":"","meta":{"footnotes":""},"class_list":["post-117","page","type-page","status-publish","hentry","entry"],"yoast_head":"<!-- This site is optimized with the Yoast SEO plugin v24.2 - https:\/\/yoast.com\/wordpress\/plugins\/seo\/ -->\n<title>Le Calendrier des R\u00e9unions 2025 - SPV Societe Philatelique Vendomoise<\/title>\n<meta name=\"robots\" content=\"index, follow, max-snippet:-1, max-image-preview:large, max-video-preview:-1\" \/>\n<link rel=\"canonical\" href=\"https:\/\/www.spv.ovh\/index.php\/le-calendrier-des-reunions\/\" \/>\n<meta property=\"og:locale\" content=\"fr_FR\" \/>\n<meta property=\"og:type\" content=\"article\" \/>\n<meta property=\"og:title\" content=\"Le Calendrier des R\u00e9unions 2025 - SPV Societe Philatelique Vendomoise\" \/>\n<meta property=\"og:description\" content=\"&nbsp;LES&nbsp;R\u00c9UNIONS BIMENSUELLES&nbsp;PR\u00c9VUES POUR L\u2019ANN\u00c9E 2025 P\u00f4le Associatif Jules Ferry \u2013 7, av, Georges Clemenceau&nbsp;&nbsp;41100 VEND\u00d4ME 2\u00e8me&nbsp;et 4\u00e8me&nbsp;dimanche du mois,&nbsp;de 10 h \u00e0 11 h 45 Les commandes\/distribution des Fournitures date&nbsp;XX. \u00a012*\u00a0JANVIER+AG\u00a0le\u00a026 9\u00a0ET 23 FEVRIER 16 et 30*\u00a0MARS 13 ET 27 AVRIL 18\u00a0MAI \u00a0 1ER* ET 15* JUIN 6\u00a0JUILLET ooooo 7* et 21* SEPTEMBRE12 ET 26 [&hellip;]\" \/>\n<meta property=\"og:url\" content=\"https:\/\/www.spv.ovh\/index.php\/le-calendrier-des-reunions\/\" \/>\n<meta property=\"og:site_name\" content=\"SPV Societe Philatelique Vendomoise\" \/>\n<meta property=\"article:modified_time\" content=\"2025-10-26T10:42:56+00:00\" \/>\n<meta name=\"twitter:card\" content=\"summary_large_image\" \/>\n<meta name=\"twitter:label1\" content=\"Dur\u00e9e de lecture estim\u00e9e\" \/>\n\t<meta name=\"twitter:data1\" content=\"1 minute\" \/>\n<script type=\"application\/ld+json\" class=\"yoast-schema-graph\">{\"@context\":\"https:\/\/schema.org\",\"@graph\":[{\"@type\":\"WebPage\",\"@id\":\"https:\/\/www.spv.ovh\/index.php\/le-calendrier-des-reunions\/\",\"url\":\"https:\/\/www.spv.ovh\/index.php\/le-calendrier-des-reunions\/\",\"name\":\"Le Calendrier des R\u00e9unions 2025 - SPV Societe Philatelique Vendomoise\",\"isPartOf\":{\"@id\":\"https:\/\/www.spv.ovh\/#website\"},\"datePublished\":\"2025-01-19T21:31:43+00:00\",\"dateModified\":\"2025-10-26T10:42:56+00:00\",\"breadcrumb\":{\"@id\":\"https:\/\/www.spv.ovh\/index.php\/le-calendrier-des-reunions\/#breadcrumb\"},\"inLanguage\":\"fr-FR\",\"potentialAction\":[{\"@type\":\"ReadAction\",\"target\":[\"https:\/\/www.spv.ovh\/index.php\/le-calendrier-des-reunions\/\"]}]},{\"@type\":\"BreadcrumbList\",\"@id\":\"https:\/\/www.spv.ovh\/index.php\/le-calendrier-des-reunions\/#breadcrumb\",\"itemListElement\":[{\"@type\":\"ListItem\",\"position\":1,\"name\":\"Home\",\"item\":\"https:\/\/www.spv.ovh\/\"},{\"@type\":\"ListItem\",\"position\":2,\"name\":\"Le Calendrier des R\u00e9unions 2025\"}]},{\"@type\":\"WebSite\",\"@id\":\"https:\/\/www.spv.ovh\/#website\",\"url\":\"https:\/\/www.spv.ovh\/\",\"name\":\"SPV Societe Philatelique Vendomoise\",\"description\":\"La Philat\u00e9lie : une passion qui nous anime.\",\"potentialAction\":[{\"@type\":\"SearchAction\",\"target\":{\"@type\":\"EntryPoint\",\"urlTemplate\":\"https:\/\/www.spv.ovh\/?s={search_term_string}\"},\"query-input\":{\"@type\":\"PropertyValueSpecification\",\"valueRequired\":true,\"valueName\":\"search_term_string\"}}],\"inLanguage\":\"fr-FR\"}]}<\/script>\n<!-- \/ Yoast SEO plugin. -->","yoast_head_json":{"title":"Le Calendrier des R\u00e9unions 2025 - SPV Societe Philatelique Vendomoise","robots":{"index":"index","follow":"follow","max-snippet":"max-snippet:-1","max-image-preview":"max-image-preview:large","max-video-preview":"max-video-preview:-1"},"canonical":"https:\/\/www.spv.ovh\/index.php\/le-calendrier-des-reunions\/","og_locale":"fr_FR","og_type":"article","og_title":"Le Calendrier des R\u00e9unions 2025 - SPV Societe Philatelique Vendomoise","og_description":"&nbsp;LES&nbsp;R\u00c9UNIONS BIMENSUELLES&nbsp;PR\u00c9VUES POUR L\u2019ANN\u00c9E 2025 P\u00f4le Associatif Jules Ferry \u2013 7, av, Georges Clemenceau&nbsp;&nbsp;41100 VEND\u00d4ME 2\u00e8me&nbsp;et 4\u00e8me&nbsp;dimanche du mois,&nbsp;de 10 h \u00e0 11 h 45 Les commandes\/distribution des Fournitures date&nbsp;XX. \u00a012*\u00a0JANVIER+AG\u00a0le\u00a026 9\u00a0ET 23 FEVRIER 16 et 30*\u00a0MARS 13 ET 27 AVRIL 18\u00a0MAI \u00a0 1ER* ET 15* JUIN 6\u00a0JUILLET ooooo 7* et 21* SEPTEMBRE12 ET 26 [&hellip;]","og_url":"https:\/\/www.spv.ovh\/index.php\/le-calendrier-des-reunions\/","og_site_name":"SPV Societe Philatelique Vendomoise","article_modified_time":"2025-10-26T10:42:56+00:00","twitter_card":"summary_large_image","twitter_misc":{"Dur\u00e9e de lecture estim\u00e9e":"1 minute"},"schema":{"@context":"https:\/\/schema.org","@graph":[{"@type":"WebPage","@id":"https:\/\/www.spv.ovh\/index.php\/le-calendrier-des-reunions\/","url":"https:\/\/www.spv.ovh\/index.php\/le-calendrier-des-reunions\/","name":"Le Calendrier des R\u00e9unions 2025 - SPV Societe Philatelique Vendomoise","isPartOf":{"@id":"https:\/\/www.spv.ovh\/#website"},"datePublished":"2025-01-19T21:31:43+00:00","dateModified":"2025-10-26T10:42:56+00:00","breadcrumb":{"@id":"https:\/\/www.spv.ovh\/index.php\/le-calendrier-des-reunions\/#breadcrumb"},"inLanguage":"fr-FR","potentialAction":[{"@type":"ReadAction","target":["https:\/\/www.spv.ovh\/index.php\/le-calendrier-des-reunions\/"]}]},{"@type":"BreadcrumbList","@id":"https:\/\/www.spv.ovh\/index.php\/le-calendrier-des-reunions\/#breadcrumb","itemListElement":[{"@type":"ListItem","position":1,"name":"Home","item":"https:\/\/www.spv.ovh\/"},{"@type":"ListItem","position":2,"name":"Le Calendrier des R\u00e9unions 2025"}]},{"@type":"WebSite","@id":"https:\/\/www.spv.ovh\/#website","url":"https:\/\/www.spv.ovh\/","name":"SPV Societe Philatelique Vendomoise","description":"La Philat\u00e9lie : une passion qui nous anime.","potentialAction":[{"@type":"SearchAction","target":{"@type":"EntryPoint","urlTemplate":"https:\/\/www.spv.ovh\/?s={search_term_string}"},"query-input":{"@type":"PropertyValueSpecification","valueRequired":true,"valueName":"search_term_string"}}],"inLanguage":"fr-FR"}]}},"_links":{"self":[{"href":"https:\/\/www.spv.ovh\/index.php\/wp-json\/wp\/v2\/pages\/117","targetHints":{"allow":["GET"]}}],"collection":[{"href":"https:\/\/www.spv.ovh\/index.php\/wp-json\/wp\/v2\/pages"}],"about":[{"href":"https:\/\/www.spv.ovh\/index.php\/wp-json\/wp\/v2\/types\/page"}],"author":[{"embeddable":true,"href":"https:\/\/www.spv.ovh\/index.php\/wp-json\/wp\/v2\/users\/1"}],"replies":[{"embeddable":true,"href":"https:\/\/www.spv.ovh\/index.php\/wp-json\/wp\/v2\/comments?post=117"}],"version-history":[{"count":13,"href":"https:\/\/www.spv.ovh\/index.php\/wp-json\/wp\/v2\/pages\/117\/revisions"}],"predecessor-version":[{"id":158,"href":"https:\/\/www.spv.ovh\/index.php\/wp-json\/wp\/v2\/pages\/117\/revisions\/158"}],"wp:attachment":[{"href":"https:\/\/www.spv.ovh\/index.php\/wp-json\/wp\/v2\/media?parent=117"}],"curies":[{"name":"wp","href":"https:\/\/api.w.org\/{rel}","templated":true}]}}