{"id":29,"date":"2025-01-02T19:57:08","date_gmt":"2025-01-02T18:57:08","guid":{"rendered":"https:\/\/www.spv.ovh\/?page_id=29"},"modified":"2026-03-01T18:49:36","modified_gmt":"2026-03-01T17:49:36","slug":"accueil","status":"publish","type":"page","link":"https:\/\/www.spv.ovh\/","title":{"rendered":"Accueil"},"content":{"rendered":"\t\t<div data-elementor-type=\"wp-page\" data-elementor-id=\"29\" class=\"elementor elementor-29\">\n\t\t\t\t<div class=\"elementor-element elementor-element-72d019a9 e-flex e-con-boxed e-con e-parent\" data-id=\"72d019a9\" data-element_type=\"container\">\n\t\t\t\t\t<div class=\"e-con-inner\">\n\t\t\t\t<div class=\"elementor-element elementor-element-7baf6b26 elementor-widget elementor-widget-text-editor\" data-id=\"7baf6b26\" data-element_type=\"widget\" data-widget_type=\"text-editor.default\">\n\t\t\t\t<div class=\"elementor-widget-container\">\n\t\t\t\t\t\t\t\t\t<h1 class=\"stamp-title\" style=\"margin-bottom: 2rem; font-family: Montserrat, sans-serif; line-height: 1.3; font-size: 2rem; color: #131213; font-style: normal; font-variant-ligatures: normal; font-variant-caps: normal;\">La F\u00caTE DU TIMBRE 2026 se d\u00e9roulera le\u00a0 7 et 8 mars 2026 : Le th\u00e8me : les arts de la rue.<\/h1>\t\t\t\t\t\t\t\t<\/div>\n\t\t\t\t<\/div>\n\t\t\t\t\t<\/div>\n\t\t\t\t<\/div>\n\t\t<div class=\"elementor-element elementor-element-29f6b30 e-con-full e-flex e-con e-parent\" data-id=\"29f6b30\" data-element_type=\"container\">\n\t\t\t\t<div class=\"elementor-element elementor-element-71d7758 elementor-widget elementor-widget-image\" data-id=\"71d7758\" data-element_type=\"widget\" data-widget_type=\"image.default\">\n\t\t\t\t<div class=\"elementor-widget-container\">\n\t\t\t\t\t\t\t\t\t\t\t\t\t\t\t<img fetchpriority=\"high\" decoding=\"async\" width=\"1024\" height=\"697\" src=\"https:\/\/www.spv.ovh\/wp-content\/uploads\/2026\/03\/bloc2026-1024x697.jpg\" class=\"attachment-large size-large wp-image-177\" alt=\"\" srcset=\"https:\/\/www.spv.ovh\/wp-content\/uploads\/2026\/03\/bloc2026-1024x697.jpg 1024w, https:\/\/www.spv.ovh\/wp-content\/uploads\/2026\/03\/bloc2026-300x204.jpg 300w, https:\/\/www.spv.ovh\/wp-content\/uploads\/2026\/03\/bloc2026-768x523.jpg 768w, https:\/\/www.spv.ovh\/wp-content\/uploads\/2026\/03\/bloc2026-1536x1046.jpg 1536w, https:\/\/www.spv.ovh\/wp-content\/uploads\/2026\/03\/bloc2026.jpg 1777w\" sizes=\"(max-width: 1024px) 100vw, 1024px\" \/>\t\t\t\t\t\t\t\t\t\t\t\t\t\t\t<\/div>\n\t\t\t\t<\/div>\n\t\t\t\t<\/div>\n\t\t<div class=\"elementor-element elementor-element-0351c3b e-con-full e-flex e-con e-parent\" data-id=\"0351c3b\" data-element_type=\"container\">\n\t\t\t\t<div class=\"elementor-element elementor-element-2112d24 elementor-widget elementor-widget-image\" data-id=\"2112d24\" data-element_type=\"widget\" data-widget_type=\"image.default\">\n\t\t\t\t<div class=\"elementor-widget-container\">\n\t\t\t\t\t\t\t\t\t\t\t\t\t\t\t<img decoding=\"async\" width=\"1024\" height=\"742\" src=\"https:\/\/www.spv.ovh\/wp-content\/uploads\/2026\/03\/peintresderue2026-1024x742.jpg\" class=\"attachment-large size-large wp-image-180\" alt=\"\" srcset=\"https:\/\/www.spv.ovh\/wp-content\/uploads\/2026\/03\/peintresderue2026-1024x742.jpg 1024w, https:\/\/www.spv.ovh\/wp-content\/uploads\/2026\/03\/peintresderue2026-300x218.jpg 300w, https:\/\/www.spv.ovh\/wp-content\/uploads\/2026\/03\/peintresderue2026-768x557.jpg 768w, https:\/\/www.spv.ovh\/wp-content\/uploads\/2026\/03\/peintresderue2026.jpg 1200w\" sizes=\"(max-width: 1024px) 100vw, 1024px\" \/>\t\t\t\t\t\t\t\t\t\t\t\t\t\t\t<\/div>\n\t\t\t\t<\/div>\n\t\t\t\t<\/div>\n\t\t\t\t<\/div>\n\t\t","protected":false},"excerpt":{"rendered":"<p>La F\u00caTE DU TIMBRE 2026 se d\u00e9roulera le\u00a0 7 et 8 mars 2026 : Le th\u00e8me : les arts de la rue.<\/p>\n","protected":false},"author":1,"featured_media":0,"parent":0,"menu_order":0,"comment_status":"closed","ping_status":"closed","template":"","meta":{"footnotes":""},"class_list":["post-29","page","type-page","status-publish","hentry","entry"],"yoast_head":"<!-- This site is optimized with the Yoast SEO plugin v24.2 - https:\/\/yoast.com\/wordpress\/plugins\/seo\/ -->\n<title>Accueil - SPV Societe Philatelique Vendomoise<\/title>\n<meta name=\"description\" content=\"Partager votre passion pour la philat\u00e9lie - en sein de l &#039;association rencontrer et \u00e9changer vos timbres et perfectionner vos connaissances avec les autres membres lord de nos r\u00e9unions bimensuelles.\" \/>\n<meta name=\"robots\" content=\"index, follow, max-snippet:-1, max-image-preview:large, max-video-preview:-1\" \/>\n<link rel=\"canonical\" href=\"https:\/\/www.spv.ovh\/\" \/>\n<meta property=\"og:locale\" content=\"fr_FR\" \/>\n<meta property=\"og:type\" content=\"article\" \/>\n<meta property=\"og:title\" content=\"Accueil - SPV Societe Philatelique Vendomoise\" \/>\n<meta property=\"og:description\" content=\"Partager votre passion pour la philat\u00e9lie - en sein de l &#039;association rencontrer et \u00e9changer vos timbres et perfectionner vos connaissances avec les autres membres lord de nos r\u00e9unions bimensuelles.\" \/>\n<meta property=\"og:url\" content=\"https:\/\/www.spv.ovh\/\" \/>\n<meta property=\"og:site_name\" content=\"SPV Societe Philatelique Vendomoise\" \/>\n<meta property=\"article:modified_time\" content=\"2026-03-01T17:49:36+00:00\" \/>\n<meta property=\"og:image\" content=\"https:\/\/www.spv.ovh\/wp-content\/uploads\/2026\/03\/bloc2026.jpg\" \/>\n\t<meta property=\"og:image:width\" content=\"1777\" \/>\n\t<meta property=\"og:image:height\" content=\"1210\" \/>\n\t<meta property=\"og:image:type\" content=\"image\/jpeg\" \/>\n<meta name=\"twitter:card\" content=\"summary_large_image\" \/>\n<meta name=\"twitter:label1\" content=\"Dur\u00e9e de lecture estim\u00e9e\" \/>\n\t<meta name=\"twitter:data1\" content=\"1 minute\" \/>\n<script type=\"application\/ld+json\" class=\"yoast-schema-graph\">{\"@context\":\"https:\/\/schema.org\",\"@graph\":[{\"@type\":\"WebPage\",\"@id\":\"https:\/\/www.spv.ovh\/\",\"url\":\"https:\/\/www.spv.ovh\/\",\"name\":\"Accueil - SPV Societe Philatelique Vendomoise\",\"isPartOf\":{\"@id\":\"https:\/\/www.spv.ovh\/#website\"},\"primaryImageOfPage\":{\"@id\":\"https:\/\/www.spv.ovh\/#primaryimage\"},\"image\":{\"@id\":\"https:\/\/www.spv.ovh\/#primaryimage\"},\"thumbnailUrl\":\"https:\/\/www.spv.ovh\/wp-content\/uploads\/2026\/03\/bloc2026-1024x697.jpg\",\"datePublished\":\"2025-01-02T18:57:08+00:00\",\"dateModified\":\"2026-03-01T17:49:36+00:00\",\"description\":\"Partager votre passion pour la philat\u00e9lie - en sein de l 'association rencontrer et \u00e9changer vos timbres et perfectionner vos connaissances avec les autres membres lord de nos r\u00e9unions bimensuelles.\",\"breadcrumb\":{\"@id\":\"https:\/\/www.spv.ovh\/#breadcrumb\"},\"inLanguage\":\"fr-FR\",\"potentialAction\":[{\"@type\":\"ReadAction\",\"target\":[\"https:\/\/www.spv.ovh\/\"]}]},{\"@type\":\"ImageObject\",\"inLanguage\":\"fr-FR\",\"@id\":\"https:\/\/www.spv.ovh\/#primaryimage\",\"url\":\"https:\/\/www.spv.ovh\/wp-content\/uploads\/2026\/03\/bloc2026.jpg\",\"contentUrl\":\"https:\/\/www.spv.ovh\/wp-content\/uploads\/2026\/03\/bloc2026.jpg\",\"width\":1777,\"height\":1210},{\"@type\":\"BreadcrumbList\",\"@id\":\"https:\/\/www.spv.ovh\/#breadcrumb\",\"itemListElement\":[{\"@type\":\"ListItem\",\"position\":1,\"name\":\"Home\",\"item\":\"https:\/\/www.spv.ovh\/\"},{\"@type\":\"ListItem\",\"position\":2,\"name\":\"Accueil\"}]},{\"@type\":\"WebSite\",\"@id\":\"https:\/\/www.spv.ovh\/#website\",\"url\":\"https:\/\/www.spv.ovh\/\",\"name\":\"SPV Societe Philatelique Vendomoise\",\"description\":\"La Philat\u00e9lie : une passion qui nous anime.\",\"potentialAction\":[{\"@type\":\"SearchAction\",\"target\":{\"@type\":\"EntryPoint\",\"urlTemplate\":\"https:\/\/www.spv.ovh\/?s={search_term_string}\"},\"query-input\":{\"@type\":\"PropertyValueSpecification\",\"valueRequired\":true,\"valueName\":\"search_term_string\"}}],\"inLanguage\":\"fr-FR\"}]}<\/script>\n<!-- \/ Yoast SEO plugin. -->","yoast_head_json":{"title":"Accueil - SPV Societe Philatelique Vendomoise","description":"Partager votre passion pour la philat\u00e9lie - en sein de l 'association rencontrer et \u00e9changer vos timbres et perfectionner vos connaissances avec les autres membres lord de nos r\u00e9unions bimensuelles.","robots":{"index":"index","follow":"follow","max-snippet":"max-snippet:-1","max-image-preview":"max-image-preview:large","max-video-preview":"max-video-preview:-1"},"canonical":"https:\/\/www.spv.ovh\/","og_locale":"fr_FR","og_type":"article","og_title":"Accueil - SPV Societe Philatelique Vendomoise","og_description":"Partager votre passion pour la philat\u00e9lie - en sein de l 'association rencontrer et \u00e9changer vos timbres et perfectionner vos connaissances avec les autres membres lord de nos r\u00e9unions bimensuelles.","og_url":"https:\/\/www.spv.ovh\/","og_site_name":"SPV Societe Philatelique Vendomoise","article_modified_time":"2026-03-01T17:49:36+00:00","og_image":[{"width":1777,"height":1210,"url":"https:\/\/www.spv.ovh\/wp-content\/uploads\/2026\/03\/bloc2026.jpg","type":"image\/jpeg"}],"twitter_card":"summary_large_image","twitter_misc":{"Dur\u00e9e de lecture estim\u00e9e":"1 minute"},"schema":{"@context":"https:\/\/schema.org","@graph":[{"@type":"WebPage","@id":"https:\/\/www.spv.ovh\/","url":"https:\/\/www.spv.ovh\/","name":"Accueil - SPV Societe Philatelique Vendomoise","isPartOf":{"@id":"https:\/\/www.spv.ovh\/#website"},"primaryImageOfPage":{"@id":"https:\/\/www.spv.ovh\/#primaryimage"},"image":{"@id":"https:\/\/www.spv.ovh\/#primaryimage"},"thumbnailUrl":"https:\/\/www.spv.ovh\/wp-content\/uploads\/2026\/03\/bloc2026-1024x697.jpg","datePublished":"2025-01-02T18:57:08+00:00","dateModified":"2026-03-01T17:49:36+00:00","description":"Partager votre passion pour la philat\u00e9lie - en sein de l 'association rencontrer et \u00e9changer vos timbres et perfectionner vos connaissances avec les autres membres lord de nos r\u00e9unions bimensuelles.","breadcrumb":{"@id":"https:\/\/www.spv.ovh\/#breadcrumb"},"inLanguage":"fr-FR","potentialAction":[{"@type":"ReadAction","target":["https:\/\/www.spv.ovh\/"]}]},{"@type":"ImageObject","inLanguage":"fr-FR","@id":"https:\/\/www.spv.ovh\/#primaryimage","url":"https:\/\/www.spv.ovh\/wp-content\/uploads\/2026\/03\/bloc2026.jpg","contentUrl":"https:\/\/www.spv.ovh\/wp-content\/uploads\/2026\/03\/bloc2026.jpg","width":1777,"height":1210},{"@type":"BreadcrumbList","@id":"https:\/\/www.spv.ovh\/#breadcrumb","itemListElement":[{"@type":"ListItem","position":1,"name":"Home","item":"https:\/\/www.spv.ovh\/"},{"@type":"ListItem","position":2,"name":"Accueil"}]},{"@type":"WebSite","@id":"https:\/\/www.spv.ovh\/#website","url":"https:\/\/www.spv.ovh\/","name":"SPV Societe Philatelique Vendomoise","description":"La Philat\u00e9lie : une passion qui nous anime.","potentialAction":[{"@type":"SearchAction","target":{"@type":"EntryPoint","urlTemplate":"https:\/\/www.spv.ovh\/?s={search_term_string}"},"query-input":{"@type":"PropertyValueSpecification","valueRequired":true,"valueName":"search_term_string"}}],"inLanguage":"fr-FR"}]}},"_links":{"self":[{"href":"https:\/\/www.spv.ovh\/index.php\/wp-json\/wp\/v2\/pages\/29","targetHints":{"allow":["GET"]}}],"collection":[{"href":"https:\/\/www.spv.ovh\/index.php\/wp-json\/wp\/v2\/pages"}],"about":[{"href":"https:\/\/www.spv.ovh\/index.php\/wp-json\/wp\/v2\/types\/page"}],"author":[{"embeddable":true,"href":"https:\/\/www.spv.ovh\/index.php\/wp-json\/wp\/v2\/users\/1"}],"replies":[{"embeddable":true,"href":"https:\/\/www.spv.ovh\/index.php\/wp-json\/wp\/v2\/comments?post=29"}],"version-history":[{"count":17,"href":"https:\/\/www.spv.ovh\/index.php\/wp-json\/wp\/v2\/pages\/29\/revisions"}],"predecessor-version":[{"id":183,"href":"https:\/\/www.spv.ovh\/index.php\/wp-json\/wp\/v2\/pages\/29\/revisions\/183"}],"wp:attachment":[{"href":"https:\/\/www.spv.ovh\/index.php\/wp-json\/wp\/v2\/media?parent=29"}],"curies":[{"name":"wp","href":"https:\/\/api.w.org\/{rel}","templated":true}]}}